{"id":10,"date":"2025-12-27T15:48:50","date_gmt":"2025-12-27T15:48:50","guid":{"rendered":"https:\/\/xn--majblle-mlle-yjbf.dk\/?page_id=10"},"modified":"2025-12-27T18:42:16","modified_gmt":"2025-12-27T18:42:16","slug":"forside","status":"publish","type":"page","link":"https:\/\/xn--majblle-mlle-yjbf.dk\/","title":{"rendered":"Forside"},"content":{"rendered":"\n<div class=\"wp-block-group alignfull has-global-padding is-layout-constrained wp-container-core-group-is-layout-490fa1db wp-block-group-is-layout-constrained\" style=\"padding-top:var(--wp--preset--spacing--50);padding-right:var(--wp--preset--spacing--50);padding-bottom:var(--wp--preset--spacing--50);padding-left:var(--wp--preset--spacing--50)\">\n<div class=\"wp-block-group has-global-padding is-layout-constrained wp-container-core-group-is-layout-650790e1 wp-block-group-is-layout-constrained\">\n<h1 class=\"wp-block-heading has-text-align-center has-x-large-font-size\">Velkommen til Majb\u00f8lle M\u00f8lle<\/h1>\n\n\n\n<div style=\"height:1.25rem\" aria-hidden=\"true\" class=\"wp-block-spacer\"><\/div>\n\n\n\n<p class=\"has-text-align-center\">Majb\u00f8lle M\u00f8lle st\u00e5r h\u00f8j og flot lige ud til motorvejen, og byder velkommen til Guldborgsund Kommune.<\/p>\n<\/div>\n\n\n\n<p>M\u00f8llen ejes af et M\u00f8llelaug, der har lidt over 80 medlemmer. Gennem et kontingent st\u00f8tter M\u00f8llelauget m\u00f8llens drift, men da der er mange udgifter forbundet med at vedligeholde s\u00e5dan en \u00e6ldre dame, afholdes der ogs\u00e5 mange arrangementer gennem \u00e5ret. Bl.a. er der Dansk M\u00f8lles dag hvert \u00e5r den 3. s\u00f8ndag i juni (et landsd\u00e6kkende arrangement), en grillaften i august og s\u00e5 det traditionsrige og velbes\u00f8gte julemarked den sidste weekend i november hvert \u00e5r. M\u00f8llen st\u00e5r overfor en st\u00f8rre renovering, som der s\u00f8ges \u00f8konomiske st\u00f8tte til via diverse fonds- og projektpuljer.<br><br>L\u00e6s hele m\u00f8llens historie <a href=\"https:\/\/xn--majblle-mlle-yjbf.dk\/?page_id=48\">her<\/a> og vil du vide mere om M\u00f8llelaugets arbejde er du altid velkommen til at kontakte <a href=\"https:\/\/xn--majblle-mlle-yjbf.dk\/?page_id=35\">bestyrelsen<\/a><\/p>\n\n\n\n<div class=\"wp-block-group has-global-padding is-layout-constrained wp-container-core-group-is-layout-650790e1 wp-block-group-is-layout-constrained\"><\/div>\n\n\n\n<figure class=\"wp-block-image alignwide size-full is-style-rounded is-style-rounded--1\"><img loading=\"lazy\" decoding=\"async\" width=\"844\" height=\"542\" src=\"https:\/\/xn--majblle-mlle-yjbf.dk\/wp-content\/uploads\/2025\/12\/resturering-2011-nu.jpg\" alt=\"\" class=\"wp-image-11\" srcset=\"https:\/\/xn--majblle-mlle-yjbf.dk\/wp-content\/uploads\/2025\/12\/resturering-2011-nu.jpg 844w, https:\/\/xn--majblle-mlle-yjbf.dk\/wp-content\/uploads\/2025\/12\/resturering-2011-nu-300x193.jpg 300w, https:\/\/xn--majblle-mlle-yjbf.dk\/wp-content\/uploads\/2025\/12\/resturering-2011-nu-768x493.jpg 768w\" sizes=\"auto, (max-width: 844px) 100vw, 844px\" \/><\/figure>\n<\/div>\n\n\n\n<p><\/p>\n","protected":false},"excerpt":{"rendered":"<p>Velkommen til Majb\u00f8lle M\u00f8lle Majb\u00f8lle M\u00f8lle st\u00e5r h\u00f8j og flot lige ud til motorvejen, og byder velkommen til Guldborgsund Kommune. M\u00f8llen ejes af et M\u00f8llelaug, der har lidt over 80 medlemmer. Gennem et kontingent st\u00f8tter M\u00f8llelauget m\u00f8llens drift, men da der er mange udgifter forbundet med at vedligeholde s\u00e5dan en \u00e6ldre dame, afholdes der ogs\u00e5 [&hellip;]<\/p>\n","protected":false},"author":1,"featured_media":0,"parent":0,"menu_order":1,"comment_status":"closed","ping_status":"closed","template":"","meta":{"footnotes":""},"class_list":["post-10","page","type-page","status-publish","hentry"],"_links":{"self":[{"href":"https:\/\/xn--majblle-mlle-yjbf.dk\/index.php?rest_route=\/wp\/v2\/pages\/10","targetHints":{"allow":["GET"]}}],"collection":[{"href":"https:\/\/xn--majblle-mlle-yjbf.dk\/index.php?rest_route=\/wp\/v2\/pages"}],"about":[{"href":"https:\/\/xn--majblle-mlle-yjbf.dk\/index.php?rest_route=\/wp\/v2\/types\/page"}],"author":[{"embeddable":true,"href":"https:\/\/xn--majblle-mlle-yjbf.dk\/index.php?rest_route=\/wp\/v2\/users\/1"}],"replies":[{"embeddable":true,"href":"https:\/\/xn--majblle-mlle-yjbf.dk\/index.php?rest_route=%2Fwp%2Fv2%2Fcomments&post=10"}],"version-history":[{"count":5,"href":"https:\/\/xn--majblle-mlle-yjbf.dk\/index.php?rest_route=\/wp\/v2\/pages\/10\/revisions"}],"predecessor-version":[{"id":75,"href":"https:\/\/xn--majblle-mlle-yjbf.dk\/index.php?rest_route=\/wp\/v2\/pages\/10\/revisions\/75"}],"wp:attachment":[{"href":"https:\/\/xn--majblle-mlle-yjbf.dk\/index.php?rest_route=%2Fwp%2Fv2%2Fmedia&parent=10"}],"curies":[{"name":"wp","href":"https:\/\/api.w.org\/{rel}","templated":true}]}}