{"id":35,"date":"2025-12-27T16:26:22","date_gmt":"2025-12-27T16:26:22","guid":{"rendered":"https:\/\/xn--majblle-mlle-yjbf.dk\/?page_id=35"},"modified":"2026-04-11T06:43:19","modified_gmt":"2026-04-11T06:43:19","slug":"bestyrelse-og-aktiviteter","status":"publish","type":"page","link":"https:\/\/xn--majblle-mlle-yjbf.dk\/?page_id=35","title":{"rendered":"Bestyrelsen og aktiviteter"},"content":{"rendered":"\n<h1 class=\"wp-block-heading\">Bestyrelsen og aktiviteter<\/h1>\n\n\n\n<h2 class=\"wp-block-heading\">Bestyrelsen<\/h2>\n\n\n\n<p>Formand: Gitte Lykkebo Petersen<br>N\u00e6stformand: Erik Skotte<br>Kassere: Britta Sj\u00f6stedt Kystgaard<br>Medlem: Merete M\u00f8lager<br>Medlem:&nbsp; Michael Lancaster<br>Medlem: Jette la Fontaine (sekret\u00e6r)<br>Medlem: Tine la Fontaine<br>Suppleant: Henning Hvid<br>Suppleant: Liselotte Beck<\/p>\n\n\n\n<h2 class=\"wp-block-heading\">Aktivitetskalender<\/h2>\n\n\n\n<ul class=\"wp-block-list\">\n<li>Arrangementerne i 2026:<\/li>\n<\/ul>\n\n\n\n<p>22. maj &#8211; F\u00e6llessang efter gode sang i H\u00f8jskolesangbogen<\/p>\n\n\n\n<p>21. juni &#8211; Dansk M\u00f8lledag. Majb\u00f8lle M\u00f8lle er \u00e5ben og du kan komme helt op i hatten<\/p>\n\n\n\n<p>Tirsdage i juli m\u00e5ned, kl. 11.00 &#8211; 16.00 &#8211; m\u00f8lle er \u00e5ben<\/p>\n\n\n\n<p>28. august &#8211; Grillaften.<\/p>\n\n\n\n<p>25. september &#8211; der arbejdes p\u00e5 at arrangere et vin\/gin\/\u00f8l smagningsarrangement<\/p>\n\n\n\n<p>23. oktober &#8211; f\u00e6llesspisning. &#8220;Professionel&#8221; kok vil lave en god, solid vinterret<\/p>\n\n\n\n<p>21. og 22. november &#8211; det traditionelle julemarked. Begge dage kl. 10.00 &#8211; 16.00<\/p>\n\n\n\n<p>21. december &#8211; Vintersolhverv i samarbejde med Majb\u00f8lle kirke<\/p>\n\n\n\n<ul class=\"wp-block-list\">\n<li>Der afholdes bestyrelsesm\u00f8der hver sidste mandag i m\u00e5neden &#8211; har du noget du syntes skal behandles, t\u00f8v ikke men send det til bestyrelsen via vores kontaktformular <a href=\"https:\/\/xn--majblle-mlle-yjbf.dk\/?page_id=78\">her<\/a><\/li>\n<\/ul>\n","protected":false},"excerpt":{"rendered":"<p>Bestyrelsen og aktiviteter Bestyrelsen Formand: Gitte Lykkebo PetersenN\u00e6stformand: Erik SkotteKassere: Britta Sj\u00f6stedt KystgaardMedlem: Merete M\u00f8lagerMedlem:&nbsp; Michael LancasterMedlem: Jette la Fontaine (sekret\u00e6r)Medlem: Tine la FontaineSuppleant: Henning HvidSuppleant: Liselotte Beck Aktivitetskalender 22. maj &#8211; F\u00e6llessang efter gode sang i H\u00f8jskolesangbogen 21. juni &#8211; Dansk M\u00f8lledag. Majb\u00f8lle M\u00f8lle er \u00e5ben og du kan komme helt op i hatten [&hellip;]<\/p>\n","protected":false},"author":1,"featured_media":0,"parent":0,"menu_order":2,"comment_status":"closed","ping_status":"closed","template":"","meta":{"footnotes":""},"class_list":["post-35","page","type-page","status-publish","hentry"],"_links":{"self":[{"href":"https:\/\/xn--majblle-mlle-yjbf.dk\/index.php?rest_route=\/wp\/v2\/pages\/35","targetHints":{"allow":["GET"]}}],"collection":[{"href":"https:\/\/xn--majblle-mlle-yjbf.dk\/index.php?rest_route=\/wp\/v2\/pages"}],"about":[{"href":"https:\/\/xn--majblle-mlle-yjbf.dk\/index.php?rest_route=\/wp\/v2\/types\/page"}],"author":[{"embeddable":true,"href":"https:\/\/xn--majblle-mlle-yjbf.dk\/index.php?rest_route=\/wp\/v2\/users\/1"}],"replies":[{"embeddable":true,"href":"https:\/\/xn--majblle-mlle-yjbf.dk\/index.php?rest_route=%2Fwp%2Fv2%2Fcomments&post=35"}],"version-history":[{"count":14,"href":"https:\/\/xn--majblle-mlle-yjbf.dk\/index.php?rest_route=\/wp\/v2\/pages\/35\/revisions"}],"predecessor-version":[{"id":245,"href":"https:\/\/xn--majblle-mlle-yjbf.dk\/index.php?rest_route=\/wp\/v2\/pages\/35\/revisions\/245"}],"wp:attachment":[{"href":"https:\/\/xn--majblle-mlle-yjbf.dk\/index.php?rest_route=%2Fwp%2Fv2%2Fmedia&parent=35"}],"curies":[{"name":"wp","href":"https:\/\/api.w.org\/{rel}","templated":true}]}}