{"id":41,"date":"2025-12-27T16:28:09","date_gmt":"2025-12-27T16:28:09","guid":{"rendered":"https:\/\/xn--majblle-mlle-yjbf.dk\/?page_id=41"},"modified":"2025-12-27T19:11:24","modified_gmt":"2025-12-27T19:11:24","slug":"udlejning-af-lokaler","status":"publish","type":"page","link":"https:\/\/xn--majblle-mlle-yjbf.dk\/?page_id=41","title":{"rendered":"Udlejning af lokaler"},"content":{"rendered":"\n<h1 class=\"wp-block-heading\">Udlejning af lokaler<\/h1>\n\n\n\n<p>I den nederste del af M\u00f8llen er der indrette en hyggelig cafe, som til M\u00f8llens forskellige arrangementer bruges til udsk\u00e6nkning og salg af kaffe\/kage osv.<br><br>Men den fungere ogs\u00e5 som udlejningslokale, hvor der er plads til 40 personer til fest, musikarrangementer, aktivitets-klubber eller hvad man nu vil bruge lokalet til. Der er ogs\u00e5 let adgang til toiletfaciliteter, ligesom adgangen er handicapvenlig.<br><br>M\u00f8llen har ogs\u00e5 komplet service til 40 personer, s\u00e5 vil du holde din n\u00e6ste fest i hyggelige omgivelser, s\u00e5 kontakt os for at h\u00f8rer n\u00e6rmere. Klik <a href=\"https:\/\/xn--majblle-mlle-yjbf.dk\/?page_id=78\">her<\/a>, og send os en foresp\u00f8rgsel.<br><br>Se hvad det koster for at v\u00e6re medlem og leje lokale <a href=\"https:\/\/xn--majblle-mlle-yjbf.dk\/?page_id=45\">her<\/a>.<\/p>\n\n\n\n<figure class=\"wp-block-image size-large\"><img loading=\"lazy\" decoding=\"async\" width=\"1024\" height=\"768\" src=\"https:\/\/xn--majblle-mlle-yjbf.dk\/wp-content\/uploads\/2025\/12\/udlejning-af-lokaler-1024x768.jpg\" alt=\"\" class=\"wp-image-43\" srcset=\"https:\/\/xn--majblle-mlle-yjbf.dk\/wp-content\/uploads\/2025\/12\/udlejning-af-lokaler-1024x768.jpg 1024w, https:\/\/xn--majblle-mlle-yjbf.dk\/wp-content\/uploads\/2025\/12\/udlejning-af-lokaler-300x225.jpg 300w, https:\/\/xn--majblle-mlle-yjbf.dk\/wp-content\/uploads\/2025\/12\/udlejning-af-lokaler-768x576.jpg 768w, https:\/\/xn--majblle-mlle-yjbf.dk\/wp-content\/uploads\/2025\/12\/udlejning-af-lokaler-1536x1152.jpg 1536w, https:\/\/xn--majblle-mlle-yjbf.dk\/wp-content\/uploads\/2025\/12\/udlejning-af-lokaler.jpg 2048w\" sizes=\"auto, (max-width: 1024px) 100vw, 1024px\" \/><figcaption class=\"wp-element-caption\">SAMSUNG<\/figcaption><\/figure>\n","protected":false},"excerpt":{"rendered":"<p>Udlejning af lokaler I den nederste del af M\u00f8llen er der indrette en hyggelig cafe, som til M\u00f8llens forskellige arrangementer bruges til udsk\u00e6nkning og salg af kaffe\/kage osv. Men den fungere ogs\u00e5 som udlejningslokale, hvor der er plads til 40 personer til fest, musikarrangementer, aktivitets-klubber eller hvad man nu vil bruge lokalet til. Der er [&hellip;]<\/p>\n","protected":false},"author":1,"featured_media":0,"parent":0,"menu_order":5,"comment_status":"closed","ping_status":"closed","template":"","meta":{"footnotes":""},"class_list":["post-41","page","type-page","status-publish","hentry"],"_links":{"self":[{"href":"https:\/\/xn--majblle-mlle-yjbf.dk\/index.php?rest_route=\/wp\/v2\/pages\/41","targetHints":{"allow":["GET"]}}],"collection":[{"href":"https:\/\/xn--majblle-mlle-yjbf.dk\/index.php?rest_route=\/wp\/v2\/pages"}],"about":[{"href":"https:\/\/xn--majblle-mlle-yjbf.dk\/index.php?rest_route=\/wp\/v2\/types\/page"}],"author":[{"embeddable":true,"href":"https:\/\/xn--majblle-mlle-yjbf.dk\/index.php?rest_route=\/wp\/v2\/users\/1"}],"replies":[{"embeddable":true,"href":"https:\/\/xn--majblle-mlle-yjbf.dk\/index.php?rest_route=%2Fwp%2Fv2%2Fcomments&post=41"}],"version-history":[{"count":5,"href":"https:\/\/xn--majblle-mlle-yjbf.dk\/index.php?rest_route=\/wp\/v2\/pages\/41\/revisions"}],"predecessor-version":[{"id":102,"href":"https:\/\/xn--majblle-mlle-yjbf.dk\/index.php?rest_route=\/wp\/v2\/pages\/41\/revisions\/102"}],"wp:attachment":[{"href":"https:\/\/xn--majblle-mlle-yjbf.dk\/index.php?rest_route=%2Fwp%2Fv2%2Fmedia&parent=41"}],"curies":[{"name":"wp","href":"https:\/\/api.w.org\/{rel}","templated":true}]}}