{"id":45,"date":"2025-12-27T16:30:02","date_gmt":"2025-12-27T16:30:02","guid":{"rendered":"https:\/\/xn--majblle-mlle-yjbf.dk\/?page_id=45"},"modified":"2025-12-27T19:10:55","modified_gmt":"2025-12-27T19:10:55","slug":"priser","status":"publish","type":"page","link":"https:\/\/xn--majblle-mlle-yjbf.dk\/?page_id=45","title":{"rendered":"Priser"},"content":{"rendered":"\n<h2 class=\"wp-block-heading\">Pris for medlemskab:<\/h2>\n\n\n\n<p>Prisen for et medlemskab er 150 kr,- om \u00e5ret. <\/p>\n\n\n\n<h2 class=\"wp-block-heading\">Pris for leje af lokale<\/h2>\n\n\n\n<p>Leje af selskabslokalet\u00a0 kr. 1000,- plus kr. 500 i depositumEl afregnes efter m\u00e5ler: 5 kr. pr. kwt.<br>(udlejes ogs\u00e5 til ikke-medlemmer)<br><br>\u00d8nsker du at leje m\u00f8llen til fest, har du lokalet i 2 d\u00f8gn. Klik <a href=\"https:\/\/xn--majblle-mlle-yjbf.dk\/?page_id=78\">her <\/a>for at kontakte os\u00a0<\/p>\n","protected":false},"excerpt":{"rendered":"<p>Pris for medlemskab: Prisen for et medlemskab er 150 kr,- om \u00e5ret. Pris for leje af lokale Leje af selskabslokalet\u00a0 kr. 1000,- plus kr. 500 i depositumEl afregnes efter m\u00e5ler: 5 kr. pr. kwt.(udlejes ogs\u00e5 til ikke-medlemmer) \u00d8nsker du at leje m\u00f8llen til fest, har du lokalet i 2 d\u00f8gn. Klik her for at kontakte [&hellip;]<\/p>\n","protected":false},"author":1,"featured_media":0,"parent":0,"menu_order":6,"comment_status":"closed","ping_status":"closed","template":"","meta":{"footnotes":""},"class_list":["post-45","page","type-page","status-publish","hentry"],"_links":{"self":[{"href":"https:\/\/xn--majblle-mlle-yjbf.dk\/index.php?rest_route=\/wp\/v2\/pages\/45","targetHints":{"allow":["GET"]}}],"collection":[{"href":"https:\/\/xn--majblle-mlle-yjbf.dk\/index.php?rest_route=\/wp\/v2\/pages"}],"about":[{"href":"https:\/\/xn--majblle-mlle-yjbf.dk\/index.php?rest_route=\/wp\/v2\/types\/page"}],"author":[{"embeddable":true,"href":"https:\/\/xn--majblle-mlle-yjbf.dk\/index.php?rest_route=\/wp\/v2\/users\/1"}],"replies":[{"embeddable":true,"href":"https:\/\/xn--majblle-mlle-yjbf.dk\/index.php?rest_route=%2Fwp%2Fv2%2Fcomments&post=45"}],"version-history":[{"count":6,"href":"https:\/\/xn--majblle-mlle-yjbf.dk\/index.php?rest_route=\/wp\/v2\/pages\/45\/revisions"}],"predecessor-version":[{"id":101,"href":"https:\/\/xn--majblle-mlle-yjbf.dk\/index.php?rest_route=\/wp\/v2\/pages\/45\/revisions\/101"}],"wp:attachment":[{"href":"https:\/\/xn--majblle-mlle-yjbf.dk\/index.php?rest_route=%2Fwp%2Fv2%2Fmedia&parent=45"}],"curies":[{"name":"wp","href":"https:\/\/api.w.org\/{rel}","templated":true}]}}