{"id":48,"date":"2025-12-27T16:32:36","date_gmt":"2025-12-27T16:32:36","guid":{"rendered":"https:\/\/xn--majblle-mlle-yjbf.dk\/?page_id=48"},"modified":"2025-12-27T16:57:10","modified_gmt":"2025-12-27T16:57:10","slug":"moellens-historie","status":"publish","type":"page","link":"https:\/\/xn--majblle-mlle-yjbf.dk\/?page_id=48","title":{"rendered":"M\u00f8llens historie"},"content":{"rendered":"\n<h1 class=\"wp-block-heading\">M\u00f8llens historie<\/h1>\n\n\n\n<h2 class=\"wp-block-heading\">Fra stubm\u00f8lle til holl\u00e6nderm\u00f8lle<\/h2>\n\n\n\n<p>Majb\u00f8lle M\u00f8lle omtales f\u00f8rste gang i 1612, i forbindelse med at kong Christian den IV udskrev ekstra skat p\u00e5 alle m\u00f8ller, for at rette op p\u00e5 rigets \u00f8konomi. I \u00e5rene 1625 &#8211; 1664 figurerer Majb\u00f8lle M\u00f8lle m\u00e6rkv\u00e6rdigvis ikke i det offentlige skatte regnskaber, og der spekuleres i om den er glemt, er den mon br\u00e6ndt ned eller er den s\u00e5 nedslidt at den er ude af drift. Det ved man ikke.<\/p>\n\n\n\n<p>I 1664 dukker Majb\u00f8lle M\u00f8lle op igen, nu ejet af f\u00e6rgemanden i Guldborg, hr. Simon. F\u00e6rgem\u00e6ndene var p\u00e5 det tidspunkt ofte ret velhavende folk, og derfor kan det t\u00e6nkes at hr. Simon opf\u00f8rte en ny m\u00f8lle til erstatning for den gamle Majb\u00f8lle M\u00f8lle.<\/p>\n\n\n\n<p>If\u00f8lge bogen \u201dDanske M\u00f8ller\u201d fra 1934 fremg\u00e5r det, at den sidste opf\u00f8rte stubm\u00f8lle i Majb\u00f8lle, blev opf\u00f8rt i ca. 1760 af m\u00f8ller Johan T\u00f8nnesen. I 1804 s\u00e6lger Johan T\u00f8nnesen m\u00f8llen til m\u00f8llersvenden fra Rasted Christian Andreas Andersen og i 1895 blev den gamle stubm\u00f8lle revet ned, og allerede \u00e5ret efter opf\u00f8rte han den nuv\u00e6rende store holl\u00e6nderm\u00f8ller, bygget af m\u00f8llebygger Niels Clausen, Toreby.<\/p>\n\n\n\n<p>Christian Andreas Andersen fortsatte med at bygge og i 1907 opf\u00f8rte han bageriet ved siden af m\u00f8llen, og samtidig byggende han motorhuset bag ved m\u00f8llen, til en petroleumsmotor, s\u00e5 m\u00f8llen ogs\u00e5 kunne male mel i vindstille vejr.<\/p>\n\n\n\n<p>M\u00f8llesvenden ved Majb\u00f8lle M\u00f8lle, Jens Martin Rasmussen giftede sig i 1890 med m\u00f8llerens kusine og de overtog m\u00f8llen i 1918, da Christian Andreas Andersen d\u00f8r, ugift og barnl\u00f8s.<\/p>\n\n\n\n<p>Den nye m\u00f8ller var ogs\u00e5 fremsynet og installerede i 1936 en el-drevet kv\u00e6rn p\u00e5 2. stokv\u00e6rk, som blev fremstillet af br\u00f8drene Clausen, s\u00f8nnerne af Majb\u00f8lle M\u00f8lles m\u00f8llebygger fra Toreby, Niels Clausen.<\/p>\n\n\n\n<p>I 1942 k\u00f8rte Majb\u00f8lle M\u00f8lle for sidste gang for vindkraft. Den sidste m\u00f8llersvend fort\u00e6ller: \u201dDen ene m\u00f8llearm var p\u00e5 det tidspunkt ret medtaget p\u00e5 grund af \u00e6lde, og skulle derfor k\u00f8res med forsigtighed. En pludselig fremfarende storm overrumplede mig, og jeg n\u00e5ede ikke ud i tide, s\u00e5 jeg kunne f\u00e5 bremset m\u00f8llens fart\u201d (m\u00f8llens bremse bestod af tr\u00e6, som m\u00f8llens \u00f8vrige dele, og derfor kunne man ikke bremse ubegr\u00e6nset, da bremsen s\u00e5 ville t\u00e6nde ild i m\u00f8llen). Resultatet blev, at den ene vinge br\u00e6kkede af og faldt ned i taget p\u00e5 bageriet. Heldigvis skete der kun materiel skade ved uheldet.<br>Da der p\u00e5 det tidspunkt ikke var ret meget m\u00f8lleriarbejde, blev det besluttet at m\u00f8llen ikke skulle istands\u00e6ttes, og m\u00f8llen kunne k\u00f8re videre med den elektriske kv\u00e6rn og valsev\u00e6rk, som var installeret som reserve, s\u00e5fremt der ikke var vind nok til vindm\u00f8llen.<\/p>\n\n\n\n<p>I 1944 slog et koldlyn ned i Majb\u00f8lle M\u00f8lle. Den blev ikke ant\u00e6ndt, men m\u00f8llens vingeaksel og velle af egetr\u00e6, som er de to st\u00f8rste drivaksler i m\u00f8llen, blev splintret. Ethvert fors\u00f8g p\u00e5 at genstarte Majb\u00f8lle M\u00f8lle ville fra nu af blive s\u00e6rdeles kostbart. Derfor l\u00e5 m\u00f8llen nu bare hen, mens alle aktiviteterne samlede sig omkring bageriet ved siden af m\u00f8llen.<\/p>\n\n\n\n<p>M\u00f8llens sidste ejere, Grethe og Gunnar Rasmussen overtager m\u00f8llen i 1961 og driver bageriet indtil 1981, hvor \u00e6gteparret overdragede Majb\u00f8lle M\u00f8lle til \u201dMajb\u00f8lle M\u00f8lle M\u00f8llelaug\u201d der bliver stiftet den 2. december 1982.<br>Med sognepr\u00e6st Lars Graff Nielsen i spidsen, gennemgik m\u00f8llen en st\u00f8rre renovering og blev geninviet af selveste Prins Henrik i 1989.<\/p>\n\n\n\n<p>Magasin bygningen rummer et forrum som bliver brugt til udstilling af gamle redskaber, samt et forsamlingslokale der er indrettet med en lille cafe som er \u00e5ben ved m\u00f8llens forskellige arrangementer. Lokalet kan ogs\u00e5 lejes til private form\u00e5l, hvis man \u00f8nsker at holde fest eller et m\u00f8de i historiske omgivelser.<br><br>M\u00f8llen fungere ogs\u00e5 som turist attraktion, og er \u00e5ben hele \u00e5ret efter aftale med bestyrelsen, og i sommer- og efter\u00e5rsferien er m\u00f8llen \u00e5ben hver tirsdag mellem kl. 11.00 \u2013 15.00.<\/p>\n\n\n\n<div class=\"wp-block-media-text is-stacked-on-mobile\"><figure class=\"wp-block-media-text__media\"><img loading=\"lazy\" decoding=\"async\" width=\"265\" height=\"190\" src=\"https:\/\/xn--majblle-mlle-yjbf.dk\/wp-content\/uploads\/2025\/12\/resturering.jpg\" alt=\"\" class=\"wp-image-50 size-full\"\/><\/figure><div class=\"wp-block-media-text__content\">\n<p>Majb\u00f8lle m\u00f8lle inden restaureringen blev startet.<\/p>\n<\/div><\/div>\n\n\n\n<figure class=\"wp-block-embed is-type-video is-provider-youtube wp-block-embed-youtube wp-embed-aspect-16-9 wp-has-aspect-ratio\"><div class=\"wp-block-embed__wrapper\">\n<iframe loading=\"lazy\" title=\"Mennesker Mel og Maskiner\" width=\"500\" height=\"281\" src=\"https:\/\/www.youtube.com\/embed\/jdkkIAYfhwg?feature=oembed\" frameborder=\"0\" allow=\"accelerometer; autoplay; clipboard-write; encrypted-media; gyroscope; picture-in-picture; web-share\" referrerpolicy=\"strict-origin-when-cross-origin\" allowfullscreen><\/iframe>\n<\/div><\/figure>\n\n\n\n<p>Se videoen om mennesker mel og maskiner<\/p>\n","protected":false},"excerpt":{"rendered":"<p>M\u00f8llens historie Fra stubm\u00f8lle til holl\u00e6nderm\u00f8lle Majb\u00f8lle M\u00f8lle omtales f\u00f8rste gang i 1612, i forbindelse med at kong Christian den IV udskrev ekstra skat p\u00e5 alle m\u00f8ller, for at rette op p\u00e5 rigets \u00f8konomi. I \u00e5rene 1625 &#8211; 1664 figurerer Majb\u00f8lle M\u00f8lle m\u00e6rkv\u00e6rdigvis ikke i det offentlige skatte regnskaber, og der spekuleres i om den [&hellip;]<\/p>\n","protected":false},"author":1,"featured_media":0,"parent":0,"menu_order":3,"comment_status":"closed","ping_status":"closed","template":"","meta":{"footnotes":""},"class_list":["post-48","page","type-page","status-publish","hentry"],"_links":{"self":[{"href":"https:\/\/xn--majblle-mlle-yjbf.dk\/index.php?rest_route=\/wp\/v2\/pages\/48","targetHints":{"allow":["GET"]}}],"collection":[{"href":"https:\/\/xn--majblle-mlle-yjbf.dk\/index.php?rest_route=\/wp\/v2\/pages"}],"about":[{"href":"https:\/\/xn--majblle-mlle-yjbf.dk\/index.php?rest_route=\/wp\/v2\/types\/page"}],"author":[{"embeddable":true,"href":"https:\/\/xn--majblle-mlle-yjbf.dk\/index.php?rest_route=\/wp\/v2\/users\/1"}],"replies":[{"embeddable":true,"href":"https:\/\/xn--majblle-mlle-yjbf.dk\/index.php?rest_route=%2Fwp%2Fv2%2Fcomments&post=48"}],"version-history":[{"count":3,"href":"https:\/\/xn--majblle-mlle-yjbf.dk\/index.php?rest_route=\/wp\/v2\/pages\/48\/revisions"}],"predecessor-version":[{"id":69,"href":"https:\/\/xn--majblle-mlle-yjbf.dk\/index.php?rest_route=\/wp\/v2\/pages\/48\/revisions\/69"}],"wp:attachment":[{"href":"https:\/\/xn--majblle-mlle-yjbf.dk\/index.php?rest_route=%2Fwp%2Fv2%2Fmedia&parent=48"}],"curies":[{"name":"wp","href":"https:\/\/api.w.org\/{rel}","templated":true}]}}