{"id":60,"date":"2025-12-27T16:39:05","date_gmt":"2025-12-27T16:39:05","guid":{"rendered":"https:\/\/xn--majblle-mlle-yjbf.dk\/?page_id=60"},"modified":"2026-03-20T20:42:08","modified_gmt":"2026-03-20T20:42:08","slug":"kontakt","status":"publish","type":"page","link":"https:\/\/xn--majblle-mlle-yjbf.dk\/?page_id=60","title":{"rendered":"Dokumenter"},"content":{"rendered":"\n<h2 class=\"wp-block-heading\">Diverse dokumenter<\/h2>\n\n\n\n<p><\/p>\n\n\n\n<details class=\"wp-block-details is-layout-flow wp-block-details-is-layout-flow\"><summary>Vedt\u00e6gter<\/summary>\n<div data-wp-interactive=\"core\/file\" class=\"wp-block-file\"><object data-wp-bind--hidden=\"!state.hasPdfPreview\" hidden class=\"wp-block-file__embed\" data=\"https:\/\/xn--majblle-mlle-yjbf.dk\/wp-content\/uploads\/2025\/12\/vedtaegter.pdf\" type=\"application\/pdf\" style=\"width:100%;height:600px\" aria-label=\"Embed vedt\u00e6gter.\"><\/object><a id=\"wp-block-file--media-1fb70fa2-aebb-4cd5-8f43-a6c9f154ebb6\" href=\"https:\/\/xn--majblle-mlle-yjbf.dk\/wp-content\/uploads\/2025\/12\/vedtaegter.pdf\">vedt\u00e6gter<\/a><a href=\"https:\/\/xn--majblle-mlle-yjbf.dk\/wp-content\/uploads\/2025\/12\/vedtaegter.pdf\" class=\"wp-block-file__button wp-element-button\" download aria-describedby=\"wp-block-file--media-1fb70fa2-aebb-4cd5-8f43-a6c9f154ebb6\">Download<\/a><\/div>\n<\/details>\n\n\n\n<details class=\"wp-block-details is-layout-flow wp-block-details-is-layout-flow\"><summary>Referat af generalforsamling 2026<\/summary>\n<div data-wp-interactive=\"core\/file\" class=\"wp-block-file\"><object data-wp-bind--hidden=\"!state.hasPdfPreview\" hidden class=\"wp-block-file__embed\" data=\"https:\/\/xn--majblle-mlle-yjbf.dk\/wp-content\/uploads\/2026\/03\/Referat_generalforsamling-2026-incl-beretning-1.pdf\" type=\"application\/pdf\" style=\"width:100%;height:600px\" aria-label=\"Embed Referat_generalforsamling 2026 incl beretning.\"><\/object><a id=\"wp-block-file--media-8b7e36f3-dea7-4a06-b472-468cc8617c35\" href=\"https:\/\/xn--majblle-mlle-yjbf.dk\/wp-content\/uploads\/2026\/03\/Referat_generalforsamling-2026-incl-beretning-1.pdf\">Referat_generalforsamling 2026 incl beretning<\/a><a href=\"https:\/\/xn--majblle-mlle-yjbf.dk\/wp-content\/uploads\/2026\/03\/Referat_generalforsamling-2026-incl-beretning-1.pdf\" class=\"wp-block-file__button wp-element-button\" download aria-describedby=\"wp-block-file--media-8b7e36f3-dea7-4a06-b472-468cc8617c35\">Download<\/a><\/div>\n<\/details>\n\n\n\n<details class=\"wp-block-details is-layout-flow wp-block-details-is-layout-flow\"><summary>Referat af generalforsamling 2025<\/summary>\n<div data-wp-interactive=\"core\/file\" class=\"wp-block-file\"><object data-wp-bind--hidden=\"!state.hasPdfPreview\" hidden class=\"wp-block-file__embed\" data=\"https:\/\/xn--majblle-mlle-yjbf.dk\/wp-content\/uploads\/2025\/12\/Referat-ordinaer-generalforsamling-2025.pdf\" type=\"application\/pdf\" style=\"width:100%;height:600px\" aria-label=\"Embed Referat ordin\u00e6r generalforsamling 2025.\"><\/object><a id=\"wp-block-file--media-2242cee1-2780-49e0-98d8-98ce9ad21227\" href=\"https:\/\/xn--majblle-mlle-yjbf.dk\/wp-content\/uploads\/2025\/12\/Referat-ordinaer-generalforsamling-2025.pdf\">Referat ordin\u00e6r generalforsamling 2025<\/a><a href=\"https:\/\/xn--majblle-mlle-yjbf.dk\/wp-content\/uploads\/2025\/12\/Referat-ordinaer-generalforsamling-2025.pdf\" class=\"wp-block-file__button wp-element-button\" download aria-describedby=\"wp-block-file--media-2242cee1-2780-49e0-98d8-98ce9ad21227\">Download<\/a><\/div>\n<\/details>\n\n\n\n<details class=\"wp-block-details is-layout-flow wp-block-details-is-layout-flow\"><summary>Referat af generalforsamling 2024<\/summary>\n<div class=\"wp-block-columns is-layout-flex wp-container-core-columns-is-layout-28f84493 wp-block-columns-is-layout-flex\">\n<div class=\"wp-block-column is-layout-flow wp-block-column-is-layout-flow\" style=\"flex-basis:100%\">\n<div data-wp-interactive=\"core\/file\" class=\"wp-block-file\"><object data-wp-bind--hidden=\"!state.hasPdfPreview\" hidden class=\"wp-block-file__embed\" data=\"https:\/\/xn--majblle-mlle-yjbf.dk\/wp-content\/uploads\/2025\/12\/Referat-ordinaer-generalforsamling-2024.pdf\" type=\"application\/pdf\" style=\"width:100%;height:600px\" aria-label=\"Embed Referat ordin\u00e6r generalforsamling 2024.\"><\/object><a id=\"wp-block-file--media-140c738f-6808-4350-a83d-ae57e8920ead\" href=\"https:\/\/xn--majblle-mlle-yjbf.dk\/wp-content\/uploads\/2025\/12\/Referat-ordinaer-generalforsamling-2024.pdf\">Referat ordin\u00e6r generalforsamling 2024<\/a><a href=\"https:\/\/xn--majblle-mlle-yjbf.dk\/wp-content\/uploads\/2025\/12\/Referat-ordinaer-generalforsamling-2024.pdf\" class=\"wp-block-file__button wp-element-button\" download aria-describedby=\"wp-block-file--media-140c738f-6808-4350-a83d-ae57e8920ead\">Download<\/a><\/div>\n<\/div>\n<\/div>\n<\/details>\n\n\n\n<details class=\"wp-block-details is-layout-flow wp-block-details-is-layout-flow\"><summary>Drejebog til for\u00e5rsreng\u00f8ring og arbejdsdag i Majb\u00f8lle M\u00f8lle<\/summary>\n<div data-wp-interactive=\"core\/file\" class=\"wp-block-file\"><object data-wp-bind--hidden=\"!state.hasPdfPreview\" hidden class=\"wp-block-file__embed\" data=\"https:\/\/xn--majblle-mlle-yjbf.dk\/wp-content\/uploads\/2025\/12\/Drejebog-\u2013-Foraarsrengoering-og-arbejdsdag-paa-Majboelle-Moelle.pdf\" type=\"application\/pdf\" style=\"width:100%;height:600px\" aria-label=\"Embed Drejebog \u2013 For\u00e5rsreng\u00f8ring og arbejdsdag p\u00e5 Majb\u00f8lle M\u00f8lle...\"><\/object><a id=\"wp-block-file--media-4a57e900-b428-49b3-bb4d-128a5e6ffc4a\" href=\"https:\/\/xn--majblle-mlle-yjbf.dk\/wp-content\/uploads\/2025\/12\/Drejebog-\u2013-Foraarsrengoering-og-arbejdsdag-paa-Majboelle-Moelle.pdf\">Drejebog \u2013 For\u00e5rsreng\u00f8ring og arbejdsdag p\u00e5 Majb\u00f8lle M\u00f8lle..<\/a><a href=\"https:\/\/xn--majblle-mlle-yjbf.dk\/wp-content\/uploads\/2025\/12\/Drejebog-\u2013-Foraarsrengoering-og-arbejdsdag-paa-Majboelle-Moelle.pdf\" class=\"wp-block-file__button wp-element-button\" download aria-describedby=\"wp-block-file--media-4a57e900-b428-49b3-bb4d-128a5e6ffc4a\">Download<\/a><\/div>\n<\/details>\n\n\n\n<p><\/p>\n","protected":false},"excerpt":{"rendered":"<p>Diverse dokumenter<\/p>\n","protected":false},"author":1,"featured_media":0,"parent":0,"menu_order":7,"comment_status":"closed","ping_status":"closed","template":"","meta":{"footnotes":""},"class_list":["post-60","page","type-page","status-publish","hentry"],"_links":{"self":[{"href":"https:\/\/xn--majblle-mlle-yjbf.dk\/index.php?rest_route=\/wp\/v2\/pages\/60","targetHints":{"allow":["GET"]}}],"collection":[{"href":"https:\/\/xn--majblle-mlle-yjbf.dk\/index.php?rest_route=\/wp\/v2\/pages"}],"about":[{"href":"https:\/\/xn--majblle-mlle-yjbf.dk\/index.php?rest_route=\/wp\/v2\/types\/page"}],"author":[{"embeddable":true,"href":"https:\/\/xn--majblle-mlle-yjbf.dk\/index.php?rest_route=\/wp\/v2\/users\/1"}],"replies":[{"embeddable":true,"href":"https:\/\/xn--majblle-mlle-yjbf.dk\/index.php?rest_route=%2Fwp%2Fv2%2Fcomments&post=60"}],"version-history":[{"count":13,"href":"https:\/\/xn--majblle-mlle-yjbf.dk\/index.php?rest_route=\/wp\/v2\/pages\/60\/revisions"}],"predecessor-version":[{"id":240,"href":"https:\/\/xn--majblle-mlle-yjbf.dk\/index.php?rest_route=\/wp\/v2\/pages\/60\/revisions\/240"}],"wp:attachment":[{"href":"https:\/\/xn--majblle-mlle-yjbf.dk\/index.php?rest_route=%2Fwp%2Fv2%2Fmedia&parent=60"}],"curies":[{"name":"wp","href":"https:\/\/api.w.org\/{rel}","templated":true}]}}