{"id":78,"date":"2025-12-27T18:52:09","date_gmt":"2025-12-27T18:52:09","guid":{"rendered":"https:\/\/xn--majblle-mlle-yjbf.dk\/?page_id=78"},"modified":"2025-12-27T19:07:21","modified_gmt":"2025-12-27T19:07:21","slug":"kontakt-2","status":"publish","type":"page","link":"https:\/\/xn--majblle-mlle-yjbf.dk\/?page_id=78","title":{"rendered":"Kontakt"},"content":{"rendered":"\n<h2 class=\"wp-block-heading\">Kontakt<\/h2>\n\n\n\n<div class=\"wp-block-group is-nowrap is-layout-flex wp-container-core-group-is-layout-6c531013 wp-block-group-is-layout-flex\">\n<p>Majb\u00f8lle M\u00f8lle<br>Majb\u00f8lle Byvej 82<br>4862 Guldborg<br>e-mail: majboellemoelle@netmail.dk<\/p>\n<\/div>\n\n\n\n<p><iframe src=\"https:\/\/www.google.com\/maps\/embed?pb=!1m18!1m12!1m3!1d3911.2491618097065!2d11.73589497769974!3d54.827935362844215!2m3!1f0!2f0!3f0!3m2!1i1024!2i768!4f13.1!3m3!1m2!1s0x47ad36739c2e9659%3A0x7795dfd23ce1e780!2zTWFqYsO4bGxlIE3DuGxsZQ!5e1!3m2!1sda!2sdk!4v1766862034073!5m2!1sda!2sdk\" width=\"600\" height=\"450\"  style=\"border:0;\" allowfullscreen=\"\" loading=\"lazy\" referrerpolicy=\"no-referrer-when-downgrade\"><\/iframe><\/p>\n\n","protected":false},"excerpt":{"rendered":"<p>Kontakt Majb\u00f8lle M\u00f8lleMajb\u00f8lle Byvej 824862 Guldborge-mail: majboellemoelle@netmail.dk<\/p>\n","protected":false},"author":1,"featured_media":0,"parent":0,"menu_order":7,"comment_status":"closed","ping_status":"closed","template":"","meta":{"footnotes":""},"class_list":["post-78","page","type-page","status-publish","hentry"],"_links":{"self":[{"href":"https:\/\/xn--majblle-mlle-yjbf.dk\/index.php?rest_route=\/wp\/v2\/pages\/78","targetHints":{"allow":["GET"]}}],"collection":[{"href":"https:\/\/xn--majblle-mlle-yjbf.dk\/index.php?rest_route=\/wp\/v2\/pages"}],"about":[{"href":"https:\/\/xn--majblle-mlle-yjbf.dk\/index.php?rest_route=\/wp\/v2\/types\/page"}],"author":[{"embeddable":true,"href":"https:\/\/xn--majblle-mlle-yjbf.dk\/index.php?rest_route=\/wp\/v2\/users\/1"}],"replies":[{"embeddable":true,"href":"https:\/\/xn--majblle-mlle-yjbf.dk\/index.php?rest_route=%2Fwp%2Fv2%2Fcomments&post=78"}],"version-history":[{"count":6,"href":"https:\/\/xn--majblle-mlle-yjbf.dk\/index.php?rest_route=\/wp\/v2\/pages\/78\/revisions"}],"predecessor-version":[{"id":98,"href":"https:\/\/xn--majblle-mlle-yjbf.dk\/index.php?rest_route=\/wp\/v2\/pages\/78\/revisions\/98"}],"wp:attachment":[{"href":"https:\/\/xn--majblle-mlle-yjbf.dk\/index.php?rest_route=%2Fwp%2Fv2%2Fmedia&parent=78"}],"curies":[{"name":"wp","href":"https:\/\/api.w.org\/{rel}","templated":true}]}}